{"id":10592,"date":"2021-02-05T17:11:44","date_gmt":"2021-02-05T17:11:44","guid":{"rendered":"https:\/\/elementor.mundojoven.com\/info\/?post_type=product&#038;p=10592"},"modified":"2021-05-26T18:33:50","modified_gmt":"2021-05-26T18:33:50","slug":"david-aaron-reyes-munoz","status":"publish","type":"product","link":"https:\/\/promociones.mundojoven.com\/info\/producto\/david-aaron-reyes-munoz","title":{"rendered":"David Reyes"},"content":{"rendered":"<p>Soy un viajero que le encanta el contacto con la naturaleza. Lo que encuentro m\u00e1s emocionante de un viaje es poder conocer gente nueva y poder transmitir la hermosa cultura mexicana. A lo largo de 9 a\u00f1os que he estado en Mundo Joven me satisface saber que soy parte de un logro o sue\u00f1o cumplido. Es por eso que siempre me encargo de encontrar las mejores opciones para mi cliente y cubrir las expectativas. Ser\u00e1 para mi un gusto poder ayudarte a planear tu siguiente aventura.<\/p>\n","protected":false},"excerpt":{"rendered":"<div class=\"contactoAsesorContainer\">\n<div class=\"contactoAsesorTexto\">\n<p>&#8220;Nunca te arrepentir\u00e1s de haber comprado ese viaje.&#8221;<\/p>\n<\/div>\n<div class=\"contactoAsesorInfo\">\n<div class=\"contactoAsesorCiudadOrigen\"><img src=\"https:\/\/builder.mundojoven.com\/wp-content\/uploads\/2020\/12\/location-sherpa-buscador.svg\" alt=\"Origen\" \/> Le\u00f3n<\/div>\n<div class=\"contactoAsesorCiudadNumero\"><img src=\"https:\/\/builder.mundojoven.com\/wp-content\/uploads\/2020\/12\/mundo-sherpa-buscador.png\" alt=\"Ciudades visitadas\" \/> 38 ciudades<\/div>\n<\/div>\n<\/div>\n","protected":false},"featured_media":10603,"comment_status":"open","ping_status":"closed","template":"","meta":{"inline_featured_image":false},"product_cat":[93],"product_tag":[],"especializacion":[190,195,192,193,196],"idiomas":[188,189],"destinos":[119,118,122,159,127,179,136,138,183,117,149,150,152,154],"aioseo_notices":[],"meta_box":[],"_links":{"self":[{"href":"https:\/\/promociones.mundojoven.com\/info\/wp-json\/wp\/v2\/product\/10592"}],"collection":[{"href":"https:\/\/promociones.mundojoven.com\/info\/wp-json\/wp\/v2\/product"}],"about":[{"href":"https:\/\/promociones.mundojoven.com\/info\/wp-json\/wp\/v2\/types\/product"}],"replies":[{"embeddable":true,"href":"https:\/\/promociones.mundojoven.com\/info\/wp-json\/wp\/v2\/comments?post=10592"}],"wp:featuredmedia":[{"embeddable":true,"href":"https:\/\/promociones.mundojoven.com\/info\/wp-json\/wp\/v2\/media\/10603"}],"wp:attachment":[{"href":"https:\/\/promociones.mundojoven.com\/info\/wp-json\/wp\/v2\/media?parent=10592"}],"wp:term":[{"taxonomy":"product_cat","embeddable":true,"href":"https:\/\/promociones.mundojoven.com\/info\/wp-json\/wp\/v2\/product_cat?post=10592"},{"taxonomy":"product_tag","embeddable":true,"href":"https:\/\/promociones.mundojoven.com\/info\/wp-json\/wp\/v2\/product_tag?post=10592"},{"taxonomy":"especializacion","embeddable":true,"href":"https:\/\/promociones.mundojoven.com\/info\/wp-json\/wp\/v2\/especializacion?post=10592"},{"taxonomy":"idiomas","embeddable":true,"href":"https:\/\/promociones.mundojoven.com\/info\/wp-json\/wp\/v2\/idiomas?post=10592"},{"taxonomy":"destinos","embeddable":true,"href":"https:\/\/promociones.mundojoven.com\/info\/wp-json\/wp\/v2\/destinos?post=10592"}],"curies":[{"name":"wp","href":"https:\/\/api.w.org\/{rel}","templated":true}]}}