{"id":10652,"date":"2021-02-09T03:23:56","date_gmt":"2021-02-09T03:23:56","guid":{"rendered":"https:\/\/elementor.mundojoven.com\/info\/?post_type=product&#038;p=10652"},"modified":"2021-04-23T23:52:40","modified_gmt":"2021-04-23T23:52:40","slug":"uriel-ramirez-ramirez","status":"publish","type":"product","link":"https:\/\/promociones.mundojoven.com\/info\/producto\/uriel-ramirez-ramirez","title":{"rendered":"Uriel Ram\u00edrez"},"content":{"rendered":"<p>Lo que m\u00e1s me motiva de trabajar como asesor de viaje es que me da la oportunidad de poder crear experiencias y cumplir sue\u00f1os a otras personas a trav\u00e9s de mi experiencia y la informaci\u00f3n que comparto.<\/p>\n","protected":false},"excerpt":{"rendered":"<div class=\"contactoAsesorContainer\">\n<div class=\"contactoAsesorTexto\">\n<p>El mundo es un libro y quienes no viajan leen solo una p\u00e1gina.<\/p>\n<\/div>\n<div class=\"contactoAsesorInfo\">\n<div class=\"contactoAsesorCiudadOrigen\"><img src=\"https:\/\/builder.mundojoven.com\/wp-content\/uploads\/2020\/12\/location-sherpa-buscador.svg\" alt=\"Origen\" \/> CDMX<\/div>\n<div class=\"contactoAsesorCiudadNumero\"><img src=\"https:\/\/builder.mundojoven.com\/wp-content\/uploads\/2020\/12\/mundo-sherpa-buscador.png\" alt=\"Ciudades visitadas\" \/> 8 ciudades<\/div>\n<\/div>\n<\/div>\n","protected":false},"featured_media":10773,"comment_status":"open","ping_status":"closed","template":"","meta":{"inline_featured_image":false},"product_cat":[93],"product_tag":[],"especializacion":[],"idiomas":[],"destinos":[127,183,117],"aioseo_notices":[],"meta_box":[],"_links":{"self":[{"href":"https:\/\/promociones.mundojoven.com\/info\/wp-json\/wp\/v2\/product\/10652"}],"collection":[{"href":"https:\/\/promociones.mundojoven.com\/info\/wp-json\/wp\/v2\/product"}],"about":[{"href":"https:\/\/promociones.mundojoven.com\/info\/wp-json\/wp\/v2\/types\/product"}],"replies":[{"embeddable":true,"href":"https:\/\/promociones.mundojoven.com\/info\/wp-json\/wp\/v2\/comments?post=10652"}],"wp:featuredmedia":[{"embeddable":true,"href":"https:\/\/promociones.mundojoven.com\/info\/wp-json\/wp\/v2\/media\/10773"}],"wp:attachment":[{"href":"https:\/\/promociones.mundojoven.com\/info\/wp-json\/wp\/v2\/media?parent=10652"}],"wp:term":[{"taxonomy":"product_cat","embeddable":true,"href":"https:\/\/promociones.mundojoven.com\/info\/wp-json\/wp\/v2\/product_cat?post=10652"},{"taxonomy":"product_tag","embeddable":true,"href":"https:\/\/promociones.mundojoven.com\/info\/wp-json\/wp\/v2\/product_tag?post=10652"},{"taxonomy":"especializacion","embeddable":true,"href":"https:\/\/promociones.mundojoven.com\/info\/wp-json\/wp\/v2\/especializacion?post=10652"},{"taxonomy":"idiomas","embeddable":true,"href":"https:\/\/promociones.mundojoven.com\/info\/wp-json\/wp\/v2\/idiomas?post=10652"},{"taxonomy":"destinos","embeddable":true,"href":"https:\/\/promociones.mundojoven.com\/info\/wp-json\/wp\/v2\/destinos?post=10652"}],"curies":[{"name":"wp","href":"https:\/\/api.w.org\/{rel}","templated":true}]}}