{"id":10710,"date":"2021-02-10T19:00:05","date_gmt":"2021-02-10T19:00:05","guid":{"rendered":"https:\/\/elementor.mundojoven.com\/info\/?post_type=product&#038;p=10710"},"modified":"2021-05-26T18:06:58","modified_gmt":"2021-05-26T18:06:58","slug":"alma-juarez-guzman","status":"publish","type":"product","link":"https:\/\/promociones.mundojoven.com\/info\/producto\/alma-juarez-guzman","title":{"rendered":"Alma Ju\u00e1rez"},"content":{"rendered":"<p>Mi nombre hace alusi\u00f3n a mi pasi\u00f3n, soy un alma inquieta que siempre est\u00e1 pensando a d\u00f3nde ir, cu\u00e1ndo ser\u00e1 el pr\u00f3ximo viaje, qu\u00e9 sitios nuevos conocer\u00e9 y qu\u00e9 aventuras encontrar\u00e9 por el camino.<\/p>\n<p>Desde hace 18 a\u00f1os soy un profesional del turismo y brindar asesor\u00eda es sentir junto con mis clientes realizar un sue\u00f1o a trav\u00e9s de su viaje, brindando tips y recomendaciones en muchos casos ya vividos, tengo la fortuna de laborar con compa\u00f1eros que comparten la misma visi\u00f3n, unos con m\u00e1s trayectoria que otros, pero con la gran virtud de ser viajeros inspirando viajeros.<\/p>\n","protected":false},"excerpt":{"rendered":"<div class=\"contactoAsesorContainer\">\n<div class=\"contactoAsesorTexto\">\n<p>&#8220;Viajar nos ayuda a entender otras culturas, religiones , nos enriquece y nos hace m\u00e1s felices.&#8221;<\/p>\n<\/div>\n<div class=\"contactoAsesorInfo\">\n<div class=\"contactoAsesorCiudadOrigen\"><img src=\"https:\/\/builder.mundojoven.com\/wp-content\/uploads\/2020\/12\/location-sherpa-buscador.svg\" alt=\"Origen\" \/> CDMX<\/div>\n<div class=\"contactoAsesorCiudadNumero\"><img src=\"https:\/\/builder.mundojoven.com\/wp-content\/uploads\/2020\/12\/mundo-sherpa-buscador.png\" alt=\"Ciudades visitadas\" \/> 43 ciudades<\/div>\n<\/div>\n<\/div>\n","protected":false},"featured_media":10910,"comment_status":"open","ping_status":"closed","template":"","meta":{"inline_featured_image":false},"product_cat":[93],"product_tag":[],"especializacion":[193,195,197,191,194],"idiomas":[188],"destinos":[128,119,129,133,134,179,136,164,143,183,180,117,182,154,156],"aioseo_notices":[],"meta_box":[],"_links":{"self":[{"href":"https:\/\/promociones.mundojoven.com\/info\/wp-json\/wp\/v2\/product\/10710"}],"collection":[{"href":"https:\/\/promociones.mundojoven.com\/info\/wp-json\/wp\/v2\/product"}],"about":[{"href":"https:\/\/promociones.mundojoven.com\/info\/wp-json\/wp\/v2\/types\/product"}],"replies":[{"embeddable":true,"href":"https:\/\/promociones.mundojoven.com\/info\/wp-json\/wp\/v2\/comments?post=10710"}],"wp:featuredmedia":[{"embeddable":true,"href":"https:\/\/promociones.mundojoven.com\/info\/wp-json\/wp\/v2\/media\/10910"}],"wp:attachment":[{"href":"https:\/\/promociones.mundojoven.com\/info\/wp-json\/wp\/v2\/media?parent=10710"}],"wp:term":[{"taxonomy":"product_cat","embeddable":true,"href":"https:\/\/promociones.mundojoven.com\/info\/wp-json\/wp\/v2\/product_cat?post=10710"},{"taxonomy":"product_tag","embeddable":true,"href":"https:\/\/promociones.mundojoven.com\/info\/wp-json\/wp\/v2\/product_tag?post=10710"},{"taxonomy":"especializacion","embeddable":true,"href":"https:\/\/promociones.mundojoven.com\/info\/wp-json\/wp\/v2\/especializacion?post=10710"},{"taxonomy":"idiomas","embeddable":true,"href":"https:\/\/promociones.mundojoven.com\/info\/wp-json\/wp\/v2\/idiomas?post=10710"},{"taxonomy":"destinos","embeddable":true,"href":"https:\/\/promociones.mundojoven.com\/info\/wp-json\/wp\/v2\/destinos?post=10710"}],"curies":[{"name":"wp","href":"https:\/\/api.w.org\/{rel}","templated":true}]}}