{"id":10823,"date":"2021-02-15T20:07:58","date_gmt":"2021-02-15T20:07:58","guid":{"rendered":"https:\/\/elementor.mundojoven.com\/info\/?post_type=product&#038;p=10823"},"modified":"2021-05-26T17:37:33","modified_gmt":"2021-05-26T17:37:33","slug":"tania-rivera-ballesteros","status":"publish","type":"product","link":"https:\/\/promociones.mundojoven.com\/info\/producto\/tania-rivera-ballesteros","title":{"rendered":"Tania Rivera"},"content":{"rendered":"<p>Ser asesor de viajes me motiva a siempre querer aprender, investigar y descubrir m\u00e1s, para poder ayudar a otros viajeros con sus aventuras y que puedan llevar a cabo el viaje de sus sue\u00f1os. Soy asesor desde hace casi 5 a\u00f1os y lo que m\u00e1s me apasiona de este trabajo es poder ser parte de las aventuras de otras personas.<\/p>\n<p>Siempre trato de ofrecerles el mejor servicio y resolver todas sus dudas para que piensen en m\u00ed como parte de su siguiente viaje.<\/p>\n","protected":false},"excerpt":{"rendered":"<div class=\"contactoAsesorContainer\">\n<div class=\"contactoAsesorTexto\">\n<p>&#8220;El mejor de los viajes es el pr\u00f3ximo&#8221;<\/p>\n<\/div>\n<div class=\"contactoAsesorInfo\">\n<div class=\"contactoAsesorCiudadOrigen\"><img src=\"https:\/\/builder.mundojoven.com\/wp-content\/uploads\/2020\/12\/location-sherpa-buscador.svg\" alt=\"Origen\" \/> Sat\u00e9lite<\/div>\n<div class=\"contactoAsesorCiudadNumero\"><img src=\"https:\/\/builder.mundojoven.com\/wp-content\/uploads\/2020\/12\/mundo-sherpa-buscador.png\" alt=\"Ciudades visitadas\" \/> 15 ciudades<\/div>\n<\/div>\n<\/div>\n","protected":false},"featured_media":10831,"comment_status":"open","ping_status":"closed","template":"","meta":{"inline_featured_image":false},"product_cat":[93],"product_tag":[],"especializacion":[193,195,199,190,194],"idiomas":[188],"destinos":[136,181,121,133,179,143,144,117,154],"aioseo_notices":[],"meta_box":[],"_links":{"self":[{"href":"https:\/\/promociones.mundojoven.com\/info\/wp-json\/wp\/v2\/product\/10823"}],"collection":[{"href":"https:\/\/promociones.mundojoven.com\/info\/wp-json\/wp\/v2\/product"}],"about":[{"href":"https:\/\/promociones.mundojoven.com\/info\/wp-json\/wp\/v2\/types\/product"}],"replies":[{"embeddable":true,"href":"https:\/\/promociones.mundojoven.com\/info\/wp-json\/wp\/v2\/comments?post=10823"}],"wp:featuredmedia":[{"embeddable":true,"href":"https:\/\/promociones.mundojoven.com\/info\/wp-json\/wp\/v2\/media\/10831"}],"wp:attachment":[{"href":"https:\/\/promociones.mundojoven.com\/info\/wp-json\/wp\/v2\/media?parent=10823"}],"wp:term":[{"taxonomy":"product_cat","embeddable":true,"href":"https:\/\/promociones.mundojoven.com\/info\/wp-json\/wp\/v2\/product_cat?post=10823"},{"taxonomy":"product_tag","embeddable":true,"href":"https:\/\/promociones.mundojoven.com\/info\/wp-json\/wp\/v2\/product_tag?post=10823"},{"taxonomy":"especializacion","embeddable":true,"href":"https:\/\/promociones.mundojoven.com\/info\/wp-json\/wp\/v2\/especializacion?post=10823"},{"taxonomy":"idiomas","embeddable":true,"href":"https:\/\/promociones.mundojoven.com\/info\/wp-json\/wp\/v2\/idiomas?post=10823"},{"taxonomy":"destinos","embeddable":true,"href":"https:\/\/promociones.mundojoven.com\/info\/wp-json\/wp\/v2\/destinos?post=10823"}],"curies":[{"name":"wp","href":"https:\/\/api.w.org\/{rel}","templated":true}]}}