{"id":10825,"date":"2021-02-15T20:58:44","date_gmt":"2021-02-15T20:58:44","guid":{"rendered":"https:\/\/elementor.mundojoven.com\/info\/?post_type=product&#038;p=10825"},"modified":"2021-05-26T17:33:10","modified_gmt":"2021-05-26T17:33:10","slug":"pamela-moreno-de-la-pena","status":"publish","type":"product","link":"https:\/\/promociones.mundojoven.com\/info\/producto\/pamela-moreno-de-la-pena","title":{"rendered":"Pamela Moreno"},"content":{"rendered":"<p>Tengo la fortuna que desde muy peque\u00f1a hago lo que m\u00e1s amo: VIAJAR, por lo que sin dudarlo supe que a esto me ten\u00eda que dedicar profesionalmente.<\/p>\n<p>Desde hace 9 a\u00f1os tengo el privilegio de hacer lo que m\u00e1s me apasiona, inspirar a otros viajeros a trav\u00e9s de mis experiencias d\u00e1ndoles los mejores TIPS para que su viaje sea \u00fanico e inolvidable. Lo que m\u00e1s me gusta de los viajes que he hecho es que he tenido la oportunidad de envolverme en la cultura de cada pa\u00eds y siempre trato de transmitirles esto a mis clientes para hacer que su experiencia de viaje, desde el momento de la planeaci\u00f3n, sea incre\u00edble.<\/p>\n","protected":false},"excerpt":{"rendered":"<div class=\"contactoAsesorContainer\">\n<div class=\"contactoAsesorTexto\">\n<p>No se trata de vivir, sino de sentirse vivo.<\/p>\n<\/div>\n<div class=\"contactoAsesorInfo\">\n<div class=\"contactoAsesorCiudadOrigen\"><img src=\"https:\/\/builder.mundojoven.com\/wp-content\/uploads\/2020\/12\/location-sherpa-buscador.svg\" alt=\"Origen\" \/> Veracruz<\/div>\n<div class=\"contactoAsesorCiudadNumero\"><img src=\"https:\/\/builder.mundojoven.com\/wp-content\/uploads\/2020\/12\/mundo-sherpa-buscador.png\" alt=\"Ciudades visitadas\" \/> 35 ciudades<\/div>\n<\/div>\n<\/div>\n","protected":false},"featured_media":10896,"comment_status":"open","ping_status":"closed","template":"","meta":{"inline_featured_image":false},"product_cat":[93],"product_tag":[],"especializacion":[191,195,192,193,194],"idiomas":[188,189],"destinos":[134,133,179,136,169,143,167,183,117,182],"aioseo_notices":[],"meta_box":[],"_links":{"self":[{"href":"https:\/\/promociones.mundojoven.com\/info\/wp-json\/wp\/v2\/product\/10825"}],"collection":[{"href":"https:\/\/promociones.mundojoven.com\/info\/wp-json\/wp\/v2\/product"}],"about":[{"href":"https:\/\/promociones.mundojoven.com\/info\/wp-json\/wp\/v2\/types\/product"}],"replies":[{"embeddable":true,"href":"https:\/\/promociones.mundojoven.com\/info\/wp-json\/wp\/v2\/comments?post=10825"}],"wp:featuredmedia":[{"embeddable":true,"href":"https:\/\/promociones.mundojoven.com\/info\/wp-json\/wp\/v2\/media\/10896"}],"wp:attachment":[{"href":"https:\/\/promociones.mundojoven.com\/info\/wp-json\/wp\/v2\/media?parent=10825"}],"wp:term":[{"taxonomy":"product_cat","embeddable":true,"href":"https:\/\/promociones.mundojoven.com\/info\/wp-json\/wp\/v2\/product_cat?post=10825"},{"taxonomy":"product_tag","embeddable":true,"href":"https:\/\/promociones.mundojoven.com\/info\/wp-json\/wp\/v2\/product_tag?post=10825"},{"taxonomy":"especializacion","embeddable":true,"href":"https:\/\/promociones.mundojoven.com\/info\/wp-json\/wp\/v2\/especializacion?post=10825"},{"taxonomy":"idiomas","embeddable":true,"href":"https:\/\/promociones.mundojoven.com\/info\/wp-json\/wp\/v2\/idiomas?post=10825"},{"taxonomy":"destinos","embeddable":true,"href":"https:\/\/promociones.mundojoven.com\/info\/wp-json\/wp\/v2\/destinos?post=10825"}],"curies":[{"name":"wp","href":"https:\/\/api.w.org\/{rel}","templated":true}]}}