{"id":10875,"date":"2021-02-17T02:46:13","date_gmt":"2021-02-17T02:46:13","guid":{"rendered":"https:\/\/elementor.mundojoven.com\/info\/?post_type=product&#038;p=10875"},"modified":"2021-05-26T17:14:22","modified_gmt":"2021-05-26T17:14:22","slug":"bricia-osorio-moreno","status":"publish","type":"product","link":"https:\/\/promociones.mundojoven.com\/info\/producto\/bricia-osorio-moreno","title":{"rendered":"Bricia Osorio"},"content":{"rendered":"<p>Tengo 6 a\u00f1os de experiencia como Asesor de viajes, he tenido la oportunidad de conocer diferentes pa\u00edses a lo largo de estos a\u00f1os, definitivamente los viajes te cambian la vida, cada viaje es distinto y te deja una ense\u00f1anza y recuerdos \u00fanicos.<\/p>\n<p>Me gusta mucho ayudar a mis clientes a encontrar y\/o planificar su viaje ideal porque puedes vivir con ellos esas emociones previas, es un enriquecimiento mutuo, tu aprendes de sus experiencias y ellos se llevan la mejor asesor\u00eda y los mejores tips de viaje.<\/p>\n","protected":false},"excerpt":{"rendered":"<div class=\"contactoAsesorContainer\">\n<div class=\"contactoAsesorTexto\">\n<p>&#8220;Un libro, como un viaje, se comienza con inquietud y se termina con melancol\u00eda&#8221;<\/p>\n<\/div>\n<div class=\"contactoAsesorInfo\">\n<div class=\"contactoAsesorCiudadOrigen\"><img src=\"https:\/\/builder.mundojoven.com\/wp-content\/uploads\/2020\/12\/location-sherpa-buscador.svg\" alt=\"Origen\" \/> CDMX<\/div>\n<div class=\"contactoAsesorCiudadNumero\"><img src=\"https:\/\/builder.mundojoven.com\/wp-content\/uploads\/2020\/12\/mundo-sherpa-buscador.png\" alt=\"Ciudades visitadas\" \/> 43 ciudades<\/div>\n<\/div>\n<\/div>\n","protected":false},"featured_media":10877,"comment_status":"open","ping_status":"closed","template":"","meta":{"inline_featured_image":false},"product_cat":[94],"product_tag":[],"especializacion":[193,195,197,196,194],"idiomas":[],"destinos":[118,122,90,128,129,166,134,179,170,183,180,117,182,152,156],"aioseo_notices":[],"meta_box":[],"_links":{"self":[{"href":"https:\/\/promociones.mundojoven.com\/info\/wp-json\/wp\/v2\/product\/10875"}],"collection":[{"href":"https:\/\/promociones.mundojoven.com\/info\/wp-json\/wp\/v2\/product"}],"about":[{"href":"https:\/\/promociones.mundojoven.com\/info\/wp-json\/wp\/v2\/types\/product"}],"replies":[{"embeddable":true,"href":"https:\/\/promociones.mundojoven.com\/info\/wp-json\/wp\/v2\/comments?post=10875"}],"wp:featuredmedia":[{"embeddable":true,"href":"https:\/\/promociones.mundojoven.com\/info\/wp-json\/wp\/v2\/media\/10877"}],"wp:attachment":[{"href":"https:\/\/promociones.mundojoven.com\/info\/wp-json\/wp\/v2\/media?parent=10875"}],"wp:term":[{"taxonomy":"product_cat","embeddable":true,"href":"https:\/\/promociones.mundojoven.com\/info\/wp-json\/wp\/v2\/product_cat?post=10875"},{"taxonomy":"product_tag","embeddable":true,"href":"https:\/\/promociones.mundojoven.com\/info\/wp-json\/wp\/v2\/product_tag?post=10875"},{"taxonomy":"especializacion","embeddable":true,"href":"https:\/\/promociones.mundojoven.com\/info\/wp-json\/wp\/v2\/especializacion?post=10875"},{"taxonomy":"idiomas","embeddable":true,"href":"https:\/\/promociones.mundojoven.com\/info\/wp-json\/wp\/v2\/idiomas?post=10875"},{"taxonomy":"destinos","embeddable":true,"href":"https:\/\/promociones.mundojoven.com\/info\/wp-json\/wp\/v2\/destinos?post=10875"}],"curies":[{"name":"wp","href":"https:\/\/api.w.org\/{rel}","templated":true}]}}