{"id":10930,"date":"2021-02-17T20:18:33","date_gmt":"2021-02-17T20:18:33","guid":{"rendered":"https:\/\/elementor.mundojoven.com\/info\/?post_type=product&#038;p=10930"},"modified":"2021-05-26T00:38:18","modified_gmt":"2021-05-26T00:38:18","slug":"angelica-luna-arreola","status":"publish","type":"product","link":"https:\/\/promociones.mundojoven.com\/info\/producto\/angelica-luna-arreola","title":{"rendered":"Angelica Luna"},"content":{"rendered":"<p>Hola viajero, bienvenid@ a este mundo de los viajes en donde juntos descubriremos destinos m\u00e1gicos, diferentes culturas pero sobre todo tendremos una nueva experiencia. Tengo 5 a\u00f1os como asesora de viajes, empec\u00e9 a dedicarme a esto al ver como mis amistades y familiares me ped\u00edan apoyo para organizar los propios, as\u00ed que el ayudar a m\u00e1s personas a planear de la mejor manera sus viajes me pareci\u00f3 una gran opci\u00f3n, es la manera de hacer lo que m\u00e1s me gusta.<\/p>\n<p>He recorrido 22 pa\u00edses y 18 estados de la Rep\u00fablica Mexicana. Si quieres atenci\u00f3n personalizada, hablar con estudiantes o personas que ya han logrado la experiencia de residir en otro pa\u00eds, estar\u00e9 encantada de apoyarte en tu proyecto.<\/p>\n","protected":false},"excerpt":{"rendered":"<div class=\"contactoAsesorContainer\">\n<div class=\"contactoAsesorTexto\">\n<p>&#8220;The world is too big to stay in one place&#8221;<\/p>\n<\/div>\n<div class=\"contactoAsesorInfo\">\n<div class=\"contactoAsesorCiudadOrigen\"><img src=\"https:\/\/builder.mundojoven.com\/wp-content\/uploads\/2020\/12\/location-sherpa-buscador.svg\" alt=\"Origen\" \/> Tijuana<\/div>\n<div class=\"contactoAsesorCiudadNumero\"><img src=\"https:\/\/builder.mundojoven.com\/wp-content\/uploads\/2020\/12\/mundo-sherpa-buscador.png\" alt=\"Ciudades visitadas\" \/> 48 ciudades<\/div>\n<\/div>\n<\/div>\n","protected":false},"featured_media":10953,"comment_status":"open","ping_status":"closed","template":"","meta":{"inline_featured_image":false},"product_cat":[94],"product_tag":[],"especializacion":[193,195,199,191,194],"idiomas":[],"destinos":[90,118,121,168,165,133,134,179,136,137,143,117,182,148,152,158,154],"aioseo_notices":[],"meta_box":[],"_links":{"self":[{"href":"https:\/\/promociones.mundojoven.com\/info\/wp-json\/wp\/v2\/product\/10930"}],"collection":[{"href":"https:\/\/promociones.mundojoven.com\/info\/wp-json\/wp\/v2\/product"}],"about":[{"href":"https:\/\/promociones.mundojoven.com\/info\/wp-json\/wp\/v2\/types\/product"}],"replies":[{"embeddable":true,"href":"https:\/\/promociones.mundojoven.com\/info\/wp-json\/wp\/v2\/comments?post=10930"}],"wp:featuredmedia":[{"embeddable":true,"href":"https:\/\/promociones.mundojoven.com\/info\/wp-json\/wp\/v2\/media\/10953"}],"wp:attachment":[{"href":"https:\/\/promociones.mundojoven.com\/info\/wp-json\/wp\/v2\/media?parent=10930"}],"wp:term":[{"taxonomy":"product_cat","embeddable":true,"href":"https:\/\/promociones.mundojoven.com\/info\/wp-json\/wp\/v2\/product_cat?post=10930"},{"taxonomy":"product_tag","embeddable":true,"href":"https:\/\/promociones.mundojoven.com\/info\/wp-json\/wp\/v2\/product_tag?post=10930"},{"taxonomy":"especializacion","embeddable":true,"href":"https:\/\/promociones.mundojoven.com\/info\/wp-json\/wp\/v2\/especializacion?post=10930"},{"taxonomy":"idiomas","embeddable":true,"href":"https:\/\/promociones.mundojoven.com\/info\/wp-json\/wp\/v2\/idiomas?post=10930"},{"taxonomy":"destinos","embeddable":true,"href":"https:\/\/promociones.mundojoven.com\/info\/wp-json\/wp\/v2\/destinos?post=10930"}],"curies":[{"name":"wp","href":"https:\/\/api.w.org\/{rel}","templated":true}]}}