{"id":11114,"date":"2021-02-25T11:08:07","date_gmt":"2021-02-25T11:08:07","guid":{"rendered":"https:\/\/elementor.mundojoven.com\/info\/?post_type=product&#038;p=11114"},"modified":"2021-04-23T23:49:51","modified_gmt":"2021-04-23T23:49:51","slug":"gabriela-chang-lozano","status":"publish","type":"product","link":"https:\/\/promociones.mundojoven.com\/info\/producto\/gabriela-chang-lozano","title":{"rendered":"Gabriela Chang"},"content":{"rendered":"<p>La emoci\u00f3n de poder ayudar a cumplir los sue\u00f1os\/proyectos de los clientes.<\/p>\n","protected":false},"excerpt":{"rendered":"<div class=\"contactoAsesorContainer\">\n<div class=\"contactoAsesorTexto\">\n<p>&#8220;Ning\u00fan so\u00f1ador es peque\u00f1o y ning\u00fan sue\u00f1o es demasiado grande&#8221;.<\/p>\n<\/div>\n<div class=\"contactoAsesorInfo\">\n<div class=\"contactoAsesorCiudadOrigen\"><img src=\"https:\/\/builder.mundojoven.com\/wp-content\/uploads\/2020\/12\/location-sherpa-buscador.svg\" alt=\"Origen\" \/> Villahermosa<\/div>\n<div class=\"contactoAsesorCiudadNumero\"><img src=\"https:\/\/builder.mundojoven.com\/wp-content\/uploads\/2020\/12\/mundo-sherpa-buscador.png\" alt=\"Ciudades visitadas\" \/> 18 ciudades<\/div>\n<\/div>\n<\/div>\n","protected":false},"featured_media":11172,"comment_status":"open","ping_status":"closed","template":"","meta":{"inline_featured_image":false},"product_cat":[94],"product_tag":[],"especializacion":[],"idiomas":[],"destinos":[90,133,136,138,143,117,152],"aioseo_notices":[],"meta_box":[],"_links":{"self":[{"href":"https:\/\/promociones.mundojoven.com\/info\/wp-json\/wp\/v2\/product\/11114"}],"collection":[{"href":"https:\/\/promociones.mundojoven.com\/info\/wp-json\/wp\/v2\/product"}],"about":[{"href":"https:\/\/promociones.mundojoven.com\/info\/wp-json\/wp\/v2\/types\/product"}],"replies":[{"embeddable":true,"href":"https:\/\/promociones.mundojoven.com\/info\/wp-json\/wp\/v2\/comments?post=11114"}],"wp:featuredmedia":[{"embeddable":true,"href":"https:\/\/promociones.mundojoven.com\/info\/wp-json\/wp\/v2\/media\/11172"}],"wp:attachment":[{"href":"https:\/\/promociones.mundojoven.com\/info\/wp-json\/wp\/v2\/media?parent=11114"}],"wp:term":[{"taxonomy":"product_cat","embeddable":true,"href":"https:\/\/promociones.mundojoven.com\/info\/wp-json\/wp\/v2\/product_cat?post=11114"},{"taxonomy":"product_tag","embeddable":true,"href":"https:\/\/promociones.mundojoven.com\/info\/wp-json\/wp\/v2\/product_tag?post=11114"},{"taxonomy":"especializacion","embeddable":true,"href":"https:\/\/promociones.mundojoven.com\/info\/wp-json\/wp\/v2\/especializacion?post=11114"},{"taxonomy":"idiomas","embeddable":true,"href":"https:\/\/promociones.mundojoven.com\/info\/wp-json\/wp\/v2\/idiomas?post=11114"},{"taxonomy":"destinos","embeddable":true,"href":"https:\/\/promociones.mundojoven.com\/info\/wp-json\/wp\/v2\/destinos?post=11114"}],"curies":[{"name":"wp","href":"https:\/\/api.w.org\/{rel}","templated":true}]}}