{"id":11121,"date":"2021-02-25T16:26:19","date_gmt":"2021-02-25T16:26:19","guid":{"rendered":"https:\/\/elementor.mundojoven.com\/info\/?post_type=product&#038;p=11121"},"modified":"2022-08-29T19:18:00","modified_gmt":"2022-08-29T19:18:00","slug":"guadalupe-canto-trinidad","status":"publish","type":"product","link":"https:\/\/promociones.mundojoven.com\/info\/producto\/guadalupe-canto-trinidad","title":{"rendered":"Guadalupe Canto"},"content":{"rendered":"<p>Con m\u00e1s de 5 a\u00f1os de experiencia, puedo compartir contigo los mejores tips, recomendaciones para hacer de tu viaje algo \u00fanico. Al viajar me gusta llevar todo organizado y por ello lo que m\u00e1s me gusta de mi trabajo es ayudarte a organizar tu viaje para que t\u00fa solo te preocupes de disfrutar. Preg\u00fantame y con gusto te asesoramos.<\/p>\n","protected":false},"excerpt":{"rendered":"<div class=\"contactoAsesorContainer\">\n<div class=\"contactoAsesorTexto\">\n<p>Los viajes se viven tres veces: cuando se planean, cuando se viven y cuando se recuerdan.<\/p>\n<\/div>\n<div class=\"contactoAsesorInfo\">\n<div class=\"contactoAsesorCiudadOrigen\"><img src=\"https:\/\/builder.mundojoven.com\/wp-content\/uploads\/2020\/12\/location-sherpa-buscador.svg\" alt=\"Origen\" \/> Villahermosa<\/div>\n<div class=\"contactoAsesorCiudadNumero\"><img src=\"https:\/\/builder.mundojoven.com\/wp-content\/uploads\/2020\/12\/mundo-sherpa-buscador.png\" alt=\"Ciudades visitadas\" \/> 22 ciudades<\/div>\n<\/div>\n<\/div>\n","protected":false},"featured_media":11180,"comment_status":"open","ping_status":"closed","template":"","meta":{"inline_featured_image":false},"product_cat":[93],"product_tag":[],"especializacion":[192,195,193,191,194],"idiomas":[188,189],"destinos":[129,118,121,173,161,133,134,179,136,164,141,143,183,117,182,152],"aioseo_notices":[],"meta_box":[],"_links":{"self":[{"href":"https:\/\/promociones.mundojoven.com\/info\/wp-json\/wp\/v2\/product\/11121"}],"collection":[{"href":"https:\/\/promociones.mundojoven.com\/info\/wp-json\/wp\/v2\/product"}],"about":[{"href":"https:\/\/promociones.mundojoven.com\/info\/wp-json\/wp\/v2\/types\/product"}],"replies":[{"embeddable":true,"href":"https:\/\/promociones.mundojoven.com\/info\/wp-json\/wp\/v2\/comments?post=11121"}],"wp:featuredmedia":[{"embeddable":true,"href":"https:\/\/promociones.mundojoven.com\/info\/wp-json\/wp\/v2\/media\/11180"}],"wp:attachment":[{"href":"https:\/\/promociones.mundojoven.com\/info\/wp-json\/wp\/v2\/media?parent=11121"}],"wp:term":[{"taxonomy":"product_cat","embeddable":true,"href":"https:\/\/promociones.mundojoven.com\/info\/wp-json\/wp\/v2\/product_cat?post=11121"},{"taxonomy":"product_tag","embeddable":true,"href":"https:\/\/promociones.mundojoven.com\/info\/wp-json\/wp\/v2\/product_tag?post=11121"},{"taxonomy":"especializacion","embeddable":true,"href":"https:\/\/promociones.mundojoven.com\/info\/wp-json\/wp\/v2\/especializacion?post=11121"},{"taxonomy":"idiomas","embeddable":true,"href":"https:\/\/promociones.mundojoven.com\/info\/wp-json\/wp\/v2\/idiomas?post=11121"},{"taxonomy":"destinos","embeddable":true,"href":"https:\/\/promociones.mundojoven.com\/info\/wp-json\/wp\/v2\/destinos?post=11121"}],"curies":[{"name":"wp","href":"https:\/\/api.w.org\/{rel}","templated":true}]}}