{"id":11389,"date":"2021-03-03T02:15:38","date_gmt":"2021-03-03T02:15:38","guid":{"rendered":"https:\/\/elementor.mundojoven.com\/info\/?post_type=product&#038;p=11389"},"modified":"2024-05-31T23:34:04","modified_gmt":"2024-05-31T23:34:04","slug":"adriana-osorio","status":"publish","type":"product","link":"https:\/\/promociones.mundojoven.com\/info\/producto\/adriana-osorio","title":{"rendered":"Adriana Osorio"},"content":{"rendered":"<p>Me encanta ser agente de viajes ya que puedo cumplir los sue\u00f1os de otras personas a trav\u00e9s de mi trabajo. Por ello, dedico todo mi esfuerzo en poder crear un viaje inolvidable, cada viaje es \u00fanico al igual que cada persona y por ello organizo cada viaje pensando que es para m\u00ed, minimizando los riesgos y malas experiencias que s\u00e9 que a mi no me gustar\u00eda tener a m\u00ed durante mi viaje.<\/p>\n<p>Tengo 4 a\u00f1os dedic\u00e1ndome a este incre\u00edble trabajo y por ello cuento con la experiencia necesaria para hacer el viaje inolvidable.<\/p>\n<p>Me encanta viajar y conocer otros sitios ya que as\u00ed tengo una visi\u00f3n m\u00e1s amplia sobre el mundo, y por ello quiero que las personas durante sus viajes aprovechen el destino al m\u00e1ximo, y si existe un inconveniente resolverlo para que todo sea incre\u00edble.<\/p>\n","protected":false},"excerpt":{"rendered":"<div class=\"contactoAsesorContainer\">\n<div class=\"contactoAsesorTexto\">\n<p>Nuestras experiencias al viajar es lo \u00fanico que el dinero no puede comprar.<\/p>\n<\/div>\n<div class=\"contactoAsesorInfo\">\n<div class=\"contactoAsesorCiudadOrigen\"><img src=\"https:\/\/builder.mundojoven.com\/wp-content\/uploads\/2020\/12\/location-sherpa-buscador.svg\" alt=\"Origen\" \/> Veracruz<\/div>\n<div class=\"contactoAsesorCiudadNumero\"><img src=\"https:\/\/builder.mundojoven.com\/wp-content\/uploads\/2020\/12\/mundo-sherpa-buscador.png\" alt=\"Ciudades visitadas\" \/> 6 ciudades<\/div>\n<\/div>\n<\/div>\n","protected":false},"featured_media":11419,"comment_status":"open","ping_status":"closed","template":"","meta":{"inline_featured_image":false},"product_cat":[93],"product_tag":[],"especializacion":[193,195,191,190,194],"idiomas":[188],"destinos":[117],"aioseo_notices":[],"meta_box":[],"_links":{"self":[{"href":"https:\/\/promociones.mundojoven.com\/info\/wp-json\/wp\/v2\/product\/11389"}],"collection":[{"href":"https:\/\/promociones.mundojoven.com\/info\/wp-json\/wp\/v2\/product"}],"about":[{"href":"https:\/\/promociones.mundojoven.com\/info\/wp-json\/wp\/v2\/types\/product"}],"replies":[{"embeddable":true,"href":"https:\/\/promociones.mundojoven.com\/info\/wp-json\/wp\/v2\/comments?post=11389"}],"wp:featuredmedia":[{"embeddable":true,"href":"https:\/\/promociones.mundojoven.com\/info\/wp-json\/wp\/v2\/media\/11419"}],"wp:attachment":[{"href":"https:\/\/promociones.mundojoven.com\/info\/wp-json\/wp\/v2\/media?parent=11389"}],"wp:term":[{"taxonomy":"product_cat","embeddable":true,"href":"https:\/\/promociones.mundojoven.com\/info\/wp-json\/wp\/v2\/product_cat?post=11389"},{"taxonomy":"product_tag","embeddable":true,"href":"https:\/\/promociones.mundojoven.com\/info\/wp-json\/wp\/v2\/product_tag?post=11389"},{"taxonomy":"especializacion","embeddable":true,"href":"https:\/\/promociones.mundojoven.com\/info\/wp-json\/wp\/v2\/especializacion?post=11389"},{"taxonomy":"idiomas","embeddable":true,"href":"https:\/\/promociones.mundojoven.com\/info\/wp-json\/wp\/v2\/idiomas?post=11389"},{"taxonomy":"destinos","embeddable":true,"href":"https:\/\/promociones.mundojoven.com\/info\/wp-json\/wp\/v2\/destinos?post=11389"}],"curies":[{"name":"wp","href":"https:\/\/api.w.org\/{rel}","templated":true}]}}