{"id":12657,"date":"2021-04-22T22:46:14","date_gmt":"2021-04-22T22:46:14","guid":{"rendered":"https:\/\/elementor.mundojoven.com\/info\/?post_type=product&#038;p=12657"},"modified":"2021-05-06T22:37:17","modified_gmt":"2021-05-06T22:37:17","slug":"deborah","status":"publish","type":"product","link":"https:\/\/promociones.mundojoven.com\/info\/producto\/deborah","title":{"rendered":"Deborah"},"content":{"rendered":"<p>Me encanta buscar experiencias que creo que pueden diferenciar el viaje para cada grupo, dependiendo el destino puede ser completamente diferente, algunas de mis actividades favoritas han sido: picnic en un vi\u00f1edo, glamping en una playa, hike en el cr\u00e1ter de un volc\u00e1n, tour en bici, tour en moto, experiencia espiritual, cata de vinos, escalar un glaciar, tour en snowmobile, buceo en un barco hundido de la segunda guerra mundial y manejar dune buggies en el desierto.<br \/>\nPersonalmente soy fan de las actividades de aventura, pero me adapto a las preferencias de cada grupo.<\/p>\n","protected":false},"excerpt":{"rendered":"<div class=\"contactoAsesorContainer\">\n<div class=\"contactoAsesorTexto\">\n<p>Viajar es lo \u00fanico que puedes comprar que te hace m\u00e1s rico.<\/p>\n<\/div>\n<div class=\"contactoAsesorInfo\">\n<div class=\"contactoAsesorCiudadOrigen\"><img src=\"https:\/\/builder.mundojoven.com\/wp-content\/uploads\/2020\/12\/location-sherpa-buscador.svg\" alt=\"Origen\" \/> CDMX<\/div>\n<div class=\"contactoAsesorCiudadNumero\"><img src=\"https:\/\/builder.mundojoven.com\/wp-content\/uploads\/2020\/12\/mundo-sherpa-buscador.png\" alt=\"Ciudades visitadas\" \/> 76 ciudades<\/div>\n<\/div>\n<\/div>\n","protected":false},"featured_media":0,"comment_status":"open","ping_status":"closed","template":"","meta":{"inline_featured_image":false},"product_cat":[93],"product_tag":[],"especializacion":[],"idiomas":[188,189],"destinos":[117,118,119,181,122,124,159,90,161,126,127,165,133,134,179,136,138,140,143,167,144,183,147,180,182,148,150,178,152,158,155,156,160,157],"aioseo_notices":[],"meta_box":[],"_links":{"self":[{"href":"https:\/\/promociones.mundojoven.com\/info\/wp-json\/wp\/v2\/product\/12657"}],"collection":[{"href":"https:\/\/promociones.mundojoven.com\/info\/wp-json\/wp\/v2\/product"}],"about":[{"href":"https:\/\/promociones.mundojoven.com\/info\/wp-json\/wp\/v2\/types\/product"}],"replies":[{"embeddable":true,"href":"https:\/\/promociones.mundojoven.com\/info\/wp-json\/wp\/v2\/comments?post=12657"}],"wp:attachment":[{"href":"https:\/\/promociones.mundojoven.com\/info\/wp-json\/wp\/v2\/media?parent=12657"}],"wp:term":[{"taxonomy":"product_cat","embeddable":true,"href":"https:\/\/promociones.mundojoven.com\/info\/wp-json\/wp\/v2\/product_cat?post=12657"},{"taxonomy":"product_tag","embeddable":true,"href":"https:\/\/promociones.mundojoven.com\/info\/wp-json\/wp\/v2\/product_tag?post=12657"},{"taxonomy":"especializacion","embeddable":true,"href":"https:\/\/promociones.mundojoven.com\/info\/wp-json\/wp\/v2\/especializacion?post=12657"},{"taxonomy":"idiomas","embeddable":true,"href":"https:\/\/promociones.mundojoven.com\/info\/wp-json\/wp\/v2\/idiomas?post=12657"},{"taxonomy":"destinos","embeddable":true,"href":"https:\/\/promociones.mundojoven.com\/info\/wp-json\/wp\/v2\/destinos?post=12657"}],"curies":[{"name":"wp","href":"https:\/\/api.w.org\/{rel}","templated":true}]}}